{"id":3476,"date":"2021-11-24T06:43:04","date_gmt":"2021-11-24T06:43:04","guid":{"rendered":"https:\/\/mirantedogaviao.com.br\/br\/?page_id=3476"},"modified":"2021-11-24T06:43:04","modified_gmt":"2021-11-24T06:43:04","slug":"educacao-ribeirinha","status":"publish","type":"page","link":"https:\/\/mirantedogaviao.com.br\/br\/educacao-ribeirinha\/","title":{"rendered":"Educa\u00e7\u00e3o Ribeirinha"},"content":{"rendered":"<p>[et_pb_section fb_built=&#8221;1&#8243; admin_label=&#8221;capa&#8221; _builder_version=&#8221;4.14.0&#8243; _module_preset=&#8221;default&#8221; background_image=&#8221;https:\/\/mirantedogaviao.com.br\/br\/wp-content\/uploads\/2021\/11\/R02-Escolas-Comunita\u0301rias-do-Rio-Negro-Amazonia-5.jpg&#8221; min_height_tablet=&#8221;600px&#8221; min_height_phone=&#8221;&#8221; min_height_last_edited=&#8221;on|desktop&#8221; custom_margin=&#8221;93px||||false|false&#8221; custom_margin_tablet=&#8221;5%||||false|false&#8221; custom_margin_phone=&#8221;25%||||false|false&#8221; custom_margin_last_edited=&#8221;on|phone&#8221; custom_css_main_element=&#8221;min-height: 100vh;&#8221; saved_tabs=&#8221;all&#8221; global_colors_info=&#8221;{}&#8221;][et_pb_row _builder_version=&#8221;4.9.3&#8243; _module_preset=&#8221;default&#8221; global_colors_info=&#8221;{}&#8221;][et_pb_column type=&#8221;4_4&#8243; _builder_version=&#8221;4.9.3&#8243; _module_preset=&#8221;default&#8221; global_colors_info=&#8221;{}&#8221;][et_pb_text _builder_version=&#8221;4.14.0&#8243; _module_preset=&#8221;default&#8221; text_font=&#8221;anke|300|||||||&#8221; text_text_color=&#8221;#FFFFFF&#8221; text_font_size=&#8221;100px&#8221; text_orientation=&#8221;center&#8221; custom_margin=&#8221;25%||||false|false&#8221; custom_margin_tablet=&#8221;45%||||false|false&#8221; custom_margin_phone=&#8221;20%||20%||true|false&#8221; custom_margin_last_edited=&#8221;on|desktop&#8221; custom_padding=&#8221;0px||0%||false|false&#8221; custom_padding_tablet=&#8221;&#8221; custom_padding_phone=&#8221;&#8221; custom_padding_last_edited=&#8221;on|phone&#8221; text_font_size_tablet=&#8221;60px&#8221; text_font_size_phone=&#8221;30px&#8221; text_font_size_last_edited=&#8221;on|desktop&#8221; text_text_shadow_style=&#8221;preset2&#8243; global_colors_info=&#8221;{}&#8221;]<\/p>\n<p><b>Educa\u00e7\u00e3o Ribeirinha<\/b><\/p>\n<p>[\/et_pb_text][\/et_pb_column][\/et_pb_row][\/et_pb_section][et_pb_section fb_built=&#8221;1&#8243; admin_label=&#8221;Sec1&#8243; _builder_version=&#8221;4.10.7&#8243; custom_padding=&#8221;0px|0px|0px|0px&#8221; animation_style=&#8221;zoom&#8221; animation_intensity_zoom=&#8221;4%&#8221; global_colors_info=&#8221;{}&#8221;][et_pb_row column_structure=&#8221;1_2,1_2&#8243; use_custom_gutter=&#8221;on&#8221; make_equal=&#8221;on&#8221; module_class=&#8221; et_pb_row_fullwidth&#8221; _builder_version=&#8221;4.9.3&#8243; background_color=&#8221;rgba(228,201,161,0.4)&#8221; background_enable_image=&#8221;off&#8221; width=&#8221;100%&#8221; width_tablet=&#8221;100%&#8221; width_phone=&#8221;&#8221; width_last_edited=&#8221;on|desktop&#8221; max_width=&#8221;100%&#8221; max_width_tablet=&#8221;100%&#8221; max_width_phone=&#8221;&#8221; max_width_last_edited=&#8221;on|desktop&#8221; height_tablet=&#8221;&#8221; height_phone=&#8221;&#8221; height_last_edited=&#8221;on|phone&#8221; custom_padding=&#8221;0px||0px|&#8221; animation_style=&#8221;slide&#8221; animation_direction=&#8221;top&#8221; animation_intensity_slide=&#8221;3%&#8221; custom_css_main_element=&#8221;min-height: 100vh;&#8221; make_fullwidth=&#8221;on&#8221; global_colors_info=&#8221;{}&#8221;][et_pb_column type=&#8221;1_2&#8243; _builder_version=&#8221;4.9.3&#8243; transform_scale_tablet=&#8221;&#8221; transform_scale_phone=&#8221;&#8221; transform_scale_last_edited=&#8221;on|phone&#8221; transform_translate_tablet=&#8221;&#8221; transform_translate_phone=&#8221;&#8221; transform_translate_last_edited=&#8221;on|phone&#8221; transform_translate_linked_phone=&#8221;off&#8221; transform_rotate_tablet=&#8221;&#8221; transform_rotate_phone=&#8221;&#8221; transform_rotate_last_edited=&#8221;on|phone&#8221; transform_skew_tablet=&#8221;&#8221; transform_skew_phone=&#8221;&#8221; transform_skew_last_edited=&#8221;on|phone&#8221; transform_origin_tablet=&#8221;&#8221; transform_origin_phone=&#8221;&#8221; transform_origin_last_edited=&#8221;on|phone&#8221; transform_styles_last_edited=&#8221;on|phone&#8221; custom_padding=&#8221;0%|0%|0%|0%|false|false&#8221; transform_styles_tablet=&#8221;&#8221; transform_styles_phone=&#8221;&#8221; global_colors_info=&#8221;{}&#8221; custom_padding__hover=&#8221;|||&#8221;][et_pb_text _builder_version=&#8221;4.14.0&#8243; _module_preset=&#8221;default&#8221; text_font=&#8221;Roboto|100|||||||&#8221; text_text_color=&#8221;#7D6D6D&#8221; text_font_size=&#8221;20px&#8221; text_line_height=&#8221;1.6em&#8221; transform_scale_tablet=&#8221;&#8221; transform_scale_phone=&#8221;&#8221; transform_scale_last_edited=&#8221;on|phone&#8221; transform_translate_tablet=&#8221;&#8221; transform_translate_phone=&#8221;&#8221; transform_translate_last_edited=&#8221;on|phone&#8221; transform_translate_linked_phone=&#8221;off&#8221; transform_rotate_tablet=&#8221;&#8221; transform_rotate_phone=&#8221;&#8221; transform_rotate_last_edited=&#8221;on|phone&#8221; transform_skew_tablet=&#8221;&#8221; transform_skew_phone=&#8221;&#8221; transform_skew_last_edited=&#8221;on|phone&#8221; transform_origin_tablet=&#8221;&#8221; transform_origin_phone=&#8221;&#8221; transform_origin_last_edited=&#8221;on|phone&#8221; transform_styles_last_edited=&#8221;on|phone&#8221; text_orientation=&#8221;justified&#8221; custom_margin=&#8221;10%|15%|10%|15%|true|true&#8221; custom_margin_tablet=&#8221;5%||5%||true|true&#8221; custom_margin_phone=&#8221;5%|10%|5%|10%|true|true&#8221; custom_margin_last_edited=&#8221;on|tablet&#8221; custom_padding=&#8221;||||true|false&#8221; custom_padding_tablet=&#8221;50px||50px||true|false&#8221; custom_padding_phone=&#8221;5%||5%||true|false&#8221; custom_padding_last_edited=&#8221;on|desktop&#8221; text_font_size_tablet=&#8221;16px&#8221; text_font_size_phone=&#8221;16px&#8221; text_font_size_last_edited=&#8221;on|desktop&#8221; transform_styles_tablet=&#8221;&#8221; transform_styles_phone=&#8221;&#8221; global_colors_info=&#8221;{}&#8221;]<\/p>\n<p><strong>\u201cEduca\u00e7\u00e3o Ribeirinha: Fortalecimento da Educa\u00e7\u00e3o B\u00e1sica nas Comunidades Ribeirinhas de Novo Air\u00e3o &#8211; AM\u201d<\/strong> \u00e9 um projeto da <a href=\"http:\/\/fundacaoalmerindamalaquias.org.br\/\" target=\"_blank\" rel=\"noopener\"><strong>Funda\u00e7\u00e3o Almerinda Malaquias (FAM)<\/strong><\/a> que coopera com o desenvolvimento da educa\u00e7\u00e3o b\u00e1sica em 25 comunidades de Novo Air\u00e3o.<\/p>\n<p>O projeto consiste em fortalecer e potencializar a educa\u00e7\u00e3o b\u00e1sica nas comunidades ribeirinhas, promovendo a melhoria da infraestrutura das escolas e das casas de apoio para os professores, bem como em focar na capacita\u00e7\u00e3o e treinamento dos professores destas escolas, por meio de cursos pr\u00e1ticos, forma\u00e7\u00f5es presenciais e\/ou online com especialistas, (conforme a realidade de cada professor e de cada comunidade) e interc\u00e2mbios entre os professores ribeirinhos e a equipe pedag\u00f3gica da FAM.<\/p>\n<p>O desenvolvimento do projeto conta com a parceria do <strong>Mirante do Gavi\u00e3o Amazon Lodge<\/strong>, da <a href=\"http:\/\/www.katerre.com\/portal\/\" target=\"_blank\" rel=\"noopener\"><strong>Expedi\u00e7\u00e3o Katerre Ecoturismo<\/strong><\/a> e da <a href=\"http:\/\/www.ale.am.gov.br\/novoairao\/\" target=\"_blank\" rel=\"noopener\"><strong>Prefeitura de Novo Air\u00e3o<\/strong><\/a>. A concep\u00e7\u00e3o arquitet\u00f4nica das unidades fica por conta do <a href=\"https:\/\/markobrajovic.com\/pt-br\/all\" target=\"_blank\" rel=\"noopener\"><strong>Atelier Marko Brajovic<\/strong><\/a>.<\/p>\n<p>[\/et_pb_text][\/et_pb_column][et_pb_column type=&#8221;1_2&#8243; _builder_version=&#8221;4.14.0&#8243; background_image=&#8221;https:\/\/mirantedogaviao.com.br\/br\/wp-content\/uploads\/2021\/11\/R02-Escolas-Comunita\u0301rias-do-Rio-Negro-Amazonia-12.jpg&#8221; transform_scale_tablet=&#8221;&#8221; transform_scale_phone=&#8221;&#8221; transform_scale_last_edited=&#8221;on|phone&#8221; transform_translate_tablet=&#8221;&#8221; transform_translate_phone=&#8221;&#8221; transform_translate_last_edited=&#8221;on|phone&#8221; transform_translate_linked_phone=&#8221;off&#8221; transform_rotate_tablet=&#8221;&#8221; transform_rotate_phone=&#8221;&#8221; transform_rotate_last_edited=&#8221;on|phone&#8221; transform_skew_tablet=&#8221;&#8221; transform_skew_phone=&#8221;&#8221; transform_skew_last_edited=&#8221;on|phone&#8221; transform_origin_tablet=&#8221;&#8221; transform_origin_phone=&#8221;&#8221; transform_origin_last_edited=&#8221;on|phone&#8221; transform_styles_last_edited=&#8221;on|phone&#8221; custom_padding=&#8221;|||&#8221; background_last_edited=&#8221;on|tablet&#8221; background_enable_image_tablet=&#8221;off&#8221; transform_styles_tablet=&#8221;&#8221; transform_styles_phone=&#8221;&#8221; global_colors_info=&#8221;{}&#8221; custom_padding__hover=&#8221;|||&#8221;][et_pb_image src=&#8221;https:\/\/mirantedogaviao.com.br\/br\/wp-content\/uploads\/2021\/11\/R02-Escolas-Comunita\u0301rias-do-Rio-Negro-Amazonia-12.jpg&#8221; title_text=&#8221;R02-Escolas-Comunita\u0301rias-do-Rio-Negro&#8212;Amazonia&#8211;12&#8243; disabled_on=&#8221;off|off|on&#8221; _builder_version=&#8221;4.14.0&#8243; _module_preset=&#8221;default&#8221; transform_scale_tablet=&#8221;&#8221; transform_scale_phone=&#8221;&#8221; transform_scale_last_edited=&#8221;on|phone&#8221; transform_translate_tablet=&#8221;&#8221; transform_translate_phone=&#8221;&#8221; transform_translate_last_edited=&#8221;on|phone&#8221; transform_translate_linked_phone=&#8221;off&#8221; transform_rotate_tablet=&#8221;&#8221; transform_rotate_phone=&#8221;&#8221; transform_rotate_last_edited=&#8221;on|phone&#8221; transform_skew_tablet=&#8221;&#8221; transform_skew_phone=&#8221;&#8221; transform_skew_last_edited=&#8221;on|phone&#8221; transform_origin_tablet=&#8221;&#8221; transform_origin_phone=&#8221;&#8221; transform_origin_last_edited=&#8221;on|phone&#8221; transform_styles_last_edited=&#8221;on|phone&#8221; width=&#8221;50%&#8221; width_tablet=&#8221;&#8221; width_phone=&#8221;74%&#8221; width_last_edited=&#8221;on|phone&#8221; module_alignment=&#8221;center&#8221; custom_margin_tablet=&#8221;5%||||false|false&#8221; custom_margin_phone=&#8221;0%||0px||false|false&#8221; custom_margin_last_edited=&#8221;on|phone&#8221; transform_styles_tablet=&#8221;&#8221; transform_styles_phone=&#8221;&#8221; global_colors_info=&#8221;{}&#8221;][\/et_pb_image][\/et_pb_column][\/et_pb_row][\/et_pb_section]<\/p>\n","protected":false},"excerpt":{"rendered":"<p>Educa\u00e7\u00e3o Ribeirinha\u201cEduca\u00e7\u00e3o Ribeirinha: Fortalecimento da Educa\u00e7\u00e3o B\u00e1sica nas Comunidades Ribeirinhas de Novo Air\u00e3o &#8211; AM\u201d \u00e9 um projeto da Funda\u00e7\u00e3o Almerinda Malaquias (FAM) que coopera com o desenvolvimento da educa\u00e7\u00e3o b\u00e1sica em 25 comunidades de Novo Air\u00e3o. O projeto consiste em fortalecer e potencializar a educa\u00e7\u00e3o b\u00e1sica nas comunidades ribeirinhas, promovendo a melhoria da infraestrutura [&hellip;]<\/p>\n","protected":false},"author":1,"featured_media":0,"parent":0,"menu_order":0,"comment_status":"closed","ping_status":"closed","template":"","meta":{"_et_pb_use_builder":"on","_et_pb_old_content":"","_et_gb_content_width":"","_monsterinsights_skip_tracking":false,"_monsterinsights_sitenote_active":false,"_monsterinsights_sitenote_note":"","_monsterinsights_sitenote_category":0,"footnotes":""},"class_list":["post-3476","page","type-page","status-publish","hentry"],"_links":{"self":[{"href":"https:\/\/mirantedogaviao.com.br\/br\/wp-json\/wp\/v2\/pages\/3476","targetHints":{"allow":["GET"]}}],"collection":[{"href":"https:\/\/mirantedogaviao.com.br\/br\/wp-json\/wp\/v2\/pages"}],"about":[{"href":"https:\/\/mirantedogaviao.com.br\/br\/wp-json\/wp\/v2\/types\/page"}],"author":[{"embeddable":true,"href":"https:\/\/mirantedogaviao.com.br\/br\/wp-json\/wp\/v2\/users\/1"}],"replies":[{"embeddable":true,"href":"https:\/\/mirantedogaviao.com.br\/br\/wp-json\/wp\/v2\/comments?post=3476"}],"version-history":[{"count":0,"href":"https:\/\/mirantedogaviao.com.br\/br\/wp-json\/wp\/v2\/pages\/3476\/revisions"}],"wp:attachment":[{"href":"https:\/\/mirantedogaviao.com.br\/br\/wp-json\/wp\/v2\/media?parent=3476"}],"curies":[{"name":"wp","href":"https:\/\/api.w.org\/{rel}","templated":true}]}}